{"id":1524,"date":"2023-12-08T11:44:00","date_gmt":"2023-12-08T11:44:00","guid":{"rendered":"https:\/\/tewak.eu\/?page_id=1524"},"modified":"2023-12-08T11:50:48","modified_gmt":"2023-12-08T11:50:48","slug":"sruby","status":"publish","type":"page","link":"https:\/\/tewak.eu\/?page_id=1524","title":{"rendered":"\u015aRUBY:"},"content":{"rendered":"<ul><li><strong>\u015aruby Klasa 8.8:<\/strong><br>o Optymalna wytrzyma\u0142o\u015b\u0107 i elastyczno\u015b\u0107<br>o Idealne do zastosowa\u0144 og\u00f3lnoprzemys\u0142owych<\/li>\n\n<li><strong>\u015aruby Klasa 10.9:<\/strong><br>o Zwi\u0119kszona wytrzyma\u0142o\u015b\u0107 na rozci\u0105ganie<br>o Polecane dla aplikacji wymagaj\u0105cych dodatkowej si\u0142y i trwa\u0142o\u015bci<\/li>\n\n<li><strong>\u015aruby Klasa 12.9:<\/strong><br>o Najwy\u017csza dost\u0119pna wytrzyma\u0142o\u015b\u0107<br>o Doskona\u0142e do zastosowa\u0144 ekstremalnych i ci\u0119\u017ckich maszyn<\/li>\n\n<li><strong>\u015aruby ISO7380 (\u015aruby z \u0142bem soczewkowym):<\/strong><br>o G\u0142adkie wyko\u0144czenie<br>o Idealne do zastosowa\u0144, gdzie estetyka jest r\u00f3wnie wa\u017cna co wytrzyma\u0142o\u015b\u0107<\/li>\n\n<li><strong>\u015aruby ISO7991 (\u015aruby z \u0142bem p\u0142askim):<\/strong><br>o Minimalistyczny design<br>o Doskona\u0142e do miejsc, gdzie wymagana jest p\u0142aska powierzchnia \u015bruby<\/li>\n\n<li><strong>\u015aruby zamkowe DIN603 (\u015aruby z \u0142bem grzybkowym)<\/strong><\/li><\/ul>","protected":false},"excerpt":{"rendered":"<p>\u015aruby Klasa 8.8:<\/p>\n<p>\u015aruby Klasa 10.9:<\/p>\n<p>\u015aruby Klasa 12.9:<\/p>\n<p>\u015aruby ISO7380 (\u015aruby z \u0142bem soczewkowym):<\/p>\n<p>\u015aruby ISO7991 (\u015aruby z \u0142bem p\u0142askim):<\/p>\n<p>\u015aruby zamkowe DIN603 (\u015aruby z \u0142bem grzybkowym)<\/p>\n","protected":false},"author":1,"featured_media":0,"parent":0,"menu_order":0,"comment_status":"closed","ping_status":"closed","template":"","meta":{"footnotes":""},"_links":{"self":[{"href":"https:\/\/tewak.eu\/index.php?rest_route=\/wp\/v2\/pages\/1524"}],"collection":[{"href":"https:\/\/tewak.eu\/index.php?rest_route=\/wp\/v2\/pages"}],"about":[{"href":"https:\/\/tewak.eu\/index.php?rest_route=\/wp\/v2\/types\/page"}],"author":[{"embeddable":true,"href":"https:\/\/tewak.eu\/index.php?rest_route=\/wp\/v2\/users\/1"}],"replies":[{"embeddable":true,"href":"https:\/\/tewak.eu\/index.php?rest_route=%2Fwp%2Fv2%2Fcomments&post=1524"}],"version-history":[{"count":4,"href":"https:\/\/tewak.eu\/index.php?rest_route=\/wp\/v2\/pages\/1524\/revisions"}],"predecessor-version":[{"id":1531,"href":"https:\/\/tewak.eu\/index.php?rest_route=\/wp\/v2\/pages\/1524\/revisions\/1531"}],"wp:attachment":[{"href":"https:\/\/tewak.eu\/index.php?rest_route=%2Fwp%2Fv2%2Fmedia&parent=1524"}],"curies":[{"name":"wp","href":"https:\/\/api.w.org\/{rel}","templated":true}]}}