{"id":23,"date":"2016-02-12T08:12:49","date_gmt":"2016-02-12T08:12:49","guid":{"rendered":"http:\/\/demos.famethemes.com\/onepress\/?page_id=23"},"modified":"2024-02-13T14:09:04","modified_gmt":"2024-02-13T14:09:04","slug":"service-title-1","status":"publish","type":"page","link":"https:\/\/tewak.eu\/?page_id=23","title":{"rendered":"WKR\u0118TY:"},"content":{"rendered":"<p><\/p><ul>\n<li><strong>Wkr\u0119ty hartowane w ocynku \u017c\u00f3\u0142tym i bia\u0142ym DIN7505<\/strong><\/li>\n<li><strong>Wkr\u0119ty nierdzewne<\/strong><\/li>\n<li>\n<p><strong>Wkr\u0119ty na ta\u015bmie plastikowej<\/strong><\/p>\n<\/li>\n<li>\n<p><strong>Wkr\u0119ty do blachy i stali<\/strong><\/p>\n<\/li>\n<li>\n<p><strong>Wkr\u0119ty do drewna i p\u0142yt wi\u00f3rowych<\/strong><\/p>\n<\/li>\n<li>\n<p><strong>Gwo\u017adzie g\u0142adkie i pier\u015bcieniowe sklejane na papierze<\/strong><\/p>\n<\/li>\n<li>\n<p><strong>Gwod\u017aiowr\u0119ty zgrzewane na drucie<\/strong><\/p>\n<\/li>\n<li><strong>I wiele innych <\/strong><\/li>\n<\/ul>","protected":false},"excerpt":{"rendered":"<p>Wkr\u0119ty hartowane w ocynku \u017c\u00f3\u0142tym i bia\u0142ym DIN7505<br \/>\nWkr\u0119ty nierdzewne<\/p>\n<p>Wkr\u0119ty na ta\u015bmie plastikowej<\/p>\n<p>Wkr\u0119ty do blachy i stali<\/p>\n<p>Wkr\u0119ty do drewna i p\u0142yt wi\u00f3rowych<\/p>\n<p>Gwo\u017adzie g\u0142adkie i pier\u015bcieniowe sklejane na papierze<\/p>\n<p>Gwod\u017aiowr\u0119ty zgrzewane na drucie<br \/>\nI wiele innych<\/p>\n","protected":false},"author":1,"featured_media":0,"parent":0,"menu_order":0,"comment_status":"closed","ping_status":"closed","template":"","meta":{"footnotes":""},"_links":{"self":[{"href":"https:\/\/tewak.eu\/index.php?rest_route=\/wp\/v2\/pages\/23"}],"collection":[{"href":"https:\/\/tewak.eu\/index.php?rest_route=\/wp\/v2\/pages"}],"about":[{"href":"https:\/\/tewak.eu\/index.php?rest_route=\/wp\/v2\/types\/page"}],"author":[{"embeddable":true,"href":"https:\/\/tewak.eu\/index.php?rest_route=\/wp\/v2\/users\/1"}],"replies":[{"embeddable":true,"href":"https:\/\/tewak.eu\/index.php?rest_route=%2Fwp%2Fv2%2Fcomments&post=23"}],"version-history":[{"count":10,"href":"https:\/\/tewak.eu\/index.php?rest_route=\/wp\/v2\/pages\/23\/revisions"}],"predecessor-version":[{"id":1558,"href":"https:\/\/tewak.eu\/index.php?rest_route=\/wp\/v2\/pages\/23\/revisions\/1558"}],"wp:attachment":[{"href":"https:\/\/tewak.eu\/index.php?rest_route=%2Fwp%2Fv2%2Fmedia&parent=23"}],"curies":[{"name":"wp","href":"https:\/\/api.w.org\/{rel}","templated":true}]}}